{"id":422,"date":"2017-02-24T11:33:59","date_gmt":"2017-02-24T10:33:59","guid":{"rendered":"http:\/\/www.extralight.de\/?page_id=422"},"modified":"2022-01-27T19:06:17","modified_gmt":"2022-01-27T18:06:17","slug":"fantawatt","status":"publish","type":"page","link":"https:\/\/www.extralight.de\/?page_id=422","title":{"rendered":"FantaWatt"},"content":{"rendered":"<p style=\"text-align: justify;\">Fantawatt is the name that encompasses my teaching activities with children. This is done primarily through thematic workshops of creative use of technology. The purpose of the courses is to teach children to have an active and critical relationship with technology, and not just be passive consumers.<\/p>\n<p><a href=\"http:\/\/www.extralight.de\/wp-content\/uploads\/2017\/02\/LP_head_01.jpg\"><img decoding=\"async\" loading=\"lazy\" class=\"wp-image-425 alignleft\" src=\"http:\/\/www.extralight.de\/wp-content\/uploads\/2017\/02\/LP_head_01-1024x409.jpg\" alt=\"LP_head_01\" width=\"1341\" height=\"536\" srcset=\"https:\/\/www.extralight.de\/wp-content\/uploads\/2017\/02\/LP_head_01-1024x409.jpg 1024w, https:\/\/www.extralight.de\/wp-content\/uploads\/2017\/02\/LP_head_01-300x120.jpg 300w, https:\/\/www.extralight.de\/wp-content\/uploads\/2017\/02\/LP_head_01.jpg 1500w\" sizes=\"(max-width: 1341px) 100vw, 1341px\" \/><\/a><\/p>\n<div class=\"page\" title=\"Page 4\">\n<div class=\"section\">\n<div class=\"layoutArea\">\n<div class=\"column\">\n<p style=\"text-align: justify;\">The Fantasien Werkstatt<a href=\"http:\/\/www.fantawatt.berlin\/\" target=\"_blank\" rel=\"noopener\">, <\/a>or just FantaWatt, is a nomadic laboratory workshop for children providing computers and multimedia equipment. In the workshop the children can play and learn through thematic discovery workshops. The name refers to the characteristics of creativity, manual activity, stimulation of imagination and wonder proposed in the workshop. The peculiarity of the FW idea lies in its practical and experimental approach, combining play and learning, art and science, in a magic lab where kids learn by doing things.<\/p>\n<p><a href=\"http:\/\/www.extralight.de\/wp-content\/uploads\/2017\/02\/stripe-fw-1024x227.jpg\"><img decoding=\"async\" loading=\"lazy\" class=\" wp-image-431 alignleft\" src=\"http:\/\/www.extralight.de\/wp-content\/uploads\/2017\/02\/stripe-fw-1024x227.jpg\" alt=\"stripe-fw-1024x227\" width=\"1326\" height=\"294\" srcset=\"https:\/\/www.extralight.de\/wp-content\/uploads\/2017\/02\/stripe-fw-1024x227.jpg 1024w, https:\/\/www.extralight.de\/wp-content\/uploads\/2017\/02\/stripe-fw-1024x227-300x66.jpg 300w\" sizes=\"(max-width: 1326px) 100vw, 1326px\" \/><\/a><\/p>\n<p>Children\u2019s invention of beauty through media disposes them to seek beauty in the world outside of their own inventions, and to care for objects and others. By considering the aesthetic attitude that children have toward their work, we discover their high-level thinking and how it establishes a more careful relation to the world of objects and actions. If supported, this aesthetic disposition of caring and empathy will transfer to the other worlds in which they participate.<\/p>\n<p>Fantasienwerkstatt<\/p>\n<p><em>FantasienWerkstatt<\/em> ist eine Werkstatt f\u00fcr Kinder,\u00a0die mit Computern und multimedialen Ger\u00e4ten ausgestattet ist. Dank interaktiver Installationen k\u00f6nnen die Kinder in den thematisch gestalteten Werkst\u00e4tten auf spielerische Weise lernen. Der Name verweist auf Charakteristika wie Kreativit\u00e4t, manuelle Fertigkeit und Fantasie, die von der Werkstatt gef\u00f6rdert werden sollen.<\/p>\n<p>Das Besondere am Konzept der\u00a0<em>FantasienWerkstatt<\/em>\u00a0ist seine praxisbetonte, experimentelle Ausrichtung,\u00a0wobei Kunst und Wissenschaft, Spielen und Lernen eine Einheit bilden, denn in den Werkst\u00e4tten lernen die Kinder durch ihr praktisches Tun. Das Projekt geht \u00fcber ein interaktives Kindermuseum hinaus, da vielmehr eine wirklich praktisch ausgelegte Werkst\u00e4tte geschaffen werden soll.<\/p>\n<p>Die FantasienWerkstatt wird mit Multimedia-Tools und anderen geeigneten Ger\u00e4tschaften ausgestattet sein, um interaktive Installationen zu verwirklichen. Im Mittelpunkt steht der gro\u00dfe kreisf\u00f6rmige Raum mit seinem 360\u00b0- Projektionssystem.\u00a0Die Werkstatt ist ein Ort der Utopie, ein Raum voller Fantasie, der unsere Empfindung und Wahrnehmung reizt.<\/p>\n<p>Seminarangebote<\/p>\n<p><a href=\"http:\/\/www.extralight.de\/wp-content\/uploads\/2017\/02\/Lightpaint.jpg\"><img decoding=\"async\" loading=\"lazy\" class=\"aligncenter size-large wp-image-479\" src=\"http:\/\/www.extralight.de\/wp-content\/uploads\/2017\/02\/Lightpaint-723x1024.jpg\" alt=\"Lightpaint\" width=\"723\" height=\"1024\" srcset=\"https:\/\/www.extralight.de\/wp-content\/uploads\/2017\/02\/Lightpaint-723x1024.jpg 723w, https:\/\/www.extralight.de\/wp-content\/uploads\/2017\/02\/Lightpaint-212x300.jpg 212w\" sizes=\"(max-width: 723px) 100vw, 723px\" \/><\/a><a href=\"http:\/\/www.extralight.de\/wp-content\/uploads\/2017\/02\/Visual-effects.jpg\"><img decoding=\"async\" loading=\"lazy\" class=\"aligncenter size-large wp-image-482\" src=\"http:\/\/www.extralight.de\/wp-content\/uploads\/2017\/02\/Visual-effects-723x1024.jpg\" alt=\"Visual-effects\" width=\"723\" height=\"1024\" srcset=\"https:\/\/www.extralight.de\/wp-content\/uploads\/2017\/02\/Visual-effects-723x1024.jpg 723w, https:\/\/www.extralight.de\/wp-content\/uploads\/2017\/02\/Visual-effects-212x300.jpg 212w\" sizes=\"(max-width: 723px) 100vw, 723px\" \/><\/a><a href=\"http:\/\/www.extralight.de\/wp-content\/uploads\/2017\/02\/Mikroscope.jpg\"><img decoding=\"async\" loading=\"lazy\" class=\"aligncenter size-large wp-image-480\" src=\"http:\/\/www.extralight.de\/wp-content\/uploads\/2017\/02\/Mikroscope-723x1024.jpg\" alt=\"Mikroscope\" width=\"723\" height=\"1024\" srcset=\"https:\/\/www.extralight.de\/wp-content\/uploads\/2017\/02\/Mikroscope-723x1024.jpg 723w, https:\/\/www.extralight.de\/wp-content\/uploads\/2017\/02\/Mikroscope-212x300.jpg 212w\" sizes=\"(max-width: 723px) 100vw, 723px\" \/><\/a><a href=\"http:\/\/www.extralight.de\/wp-content\/uploads\/2017\/02\/Musik-x-Apps.jpg\"><img decoding=\"async\" loading=\"lazy\" class=\"aligncenter size-large wp-image-481\" src=\"http:\/\/www.extralight.de\/wp-content\/uploads\/2017\/02\/Musik-x-Apps-723x1024.jpg\" alt=\"Musik x Apps\" width=\"723\" height=\"1024\" srcset=\"https:\/\/www.extralight.de\/wp-content\/uploads\/2017\/02\/Musik-x-Apps-723x1024.jpg 723w, https:\/\/www.extralight.de\/wp-content\/uploads\/2017\/02\/Musik-x-Apps-212x300.jpg 212w\" sizes=\"(max-width: 723px) 100vw, 723px\" \/><\/a><\/p>\n<p class=\"p1\"><strong>Francesco Mancori, Werkstattleiter<\/strong><\/p>\n<p class=\"p1\">Ich bin ein italienischer Videok\u00fcnstler mit einem humanistischen und wissenschaftlichen Bildungshintergrund, mit einem Hochschulabschluss in Philosophie. Als Techniker und freischaffender Berater war ich bereits f\u00fcr \u00f6ffentliche Einrichtungen, Museen oder musikalische Events t\u00e4tig. Ich bin Gr\u00fcnder und Leiter der <i>Extralight Advanced Visuals<\/i>, einer Gesellschaft, die sich auf Videoinstallationen, <em>Light<\/em><i> design<\/i>, Performances und Shows f\u00fcr gewerbliche und private Kunden spezialisiert hat.<\/p>\n<p class=\"p1\">\n<\/div>\n<\/div>\n<\/div>\n<\/div>\n","protected":false},"excerpt":{"rendered":"<p class=\"excerpt\">Fantawatt is the name that encompasses my teaching activities with children. This is done primarily through thematic workshops of creative use of technology. The purpose of the courses is to teach children to have an active and critical relationship with technology, and not just be passive consumers. The Fantasien Werkstatt, or just FantaWatt, is a nomadic laboratory workshop for children&hellip; <a href=\"https:\/\/www.extralight.de\/?page_id=422\">Read more &rarr;<\/a><\/p>\n","protected":false},"author":1,"featured_media":0,"parent":0,"menu_order":0,"comment_status":"closed","ping_status":"open","template":"","meta":[],"_links":{"self":[{"href":"https:\/\/www.extralight.de\/index.php?rest_route=\/wp\/v2\/pages\/422"}],"collection":[{"href":"https:\/\/www.extralight.de\/index.php?rest_route=\/wp\/v2\/pages"}],"about":[{"href":"https:\/\/www.extralight.de\/index.php?rest_route=\/wp\/v2\/types\/page"}],"author":[{"embeddable":true,"href":"https:\/\/www.extralight.de\/index.php?rest_route=\/wp\/v2\/users\/1"}],"replies":[{"embeddable":true,"href":"https:\/\/www.extralight.de\/index.php?rest_route=%2Fwp%2Fv2%2Fcomments&post=422"}],"version-history":[{"count":14,"href":"https:\/\/www.extralight.de\/index.php?rest_route=\/wp\/v2\/pages\/422\/revisions"}],"predecessor-version":[{"id":552,"href":"https:\/\/www.extralight.de\/index.php?rest_route=\/wp\/v2\/pages\/422\/revisions\/552"}],"wp:attachment":[{"href":"https:\/\/www.extralight.de\/index.php?rest_route=%2Fwp%2Fv2%2Fmedia&parent=422"}],"curies":[{"name":"wp","href":"https:\/\/api.w.org\/{rel}","templated":true}]}}